{"id":15105,"date":"2024-05-03T16:18:43","date_gmt":"2024-05-03T16:18:43","guid":{"rendered":"https:\/\/trelock.de\/?page_id=15105"},"modified":"2024-06-13T15:53:09","modified_gmt":"2024-06-13T15:53:09","slug":"videos","status":"publish","type":"page","link":"https:\/\/trelock.de\/en\/videos\/","title":{"rendered":"Service &#8211; Videos"},"content":{"rendered":"<section id=\"\" class=\"\" style=\"padding-top:var(--wp--preset--spacing--80); padding-bottom:var(--wp--preset--spacing--80); color: var(--wp--preset--color--font); \">\n\t<div class=\"container\">\n\t\t<div class=\"content     \">\n\t\t\t\t    <h1 class=\"\">LOCKS<\/h1>\n\t\t    <div class=\"\">\n        <p><iframe loading=\"lazy\" title=\"TRELOCK PROTECT-O-CONNECT-System: Rahmenschl\u00f6sser + Einsteck-Ketten f\u00fcr das E-Bike und Fahrrad\" width=\"500\" height=\"281\" src=\"https:\/\/www.youtube.com\/embed\/itfvhQWEMlI?feature=oembed\" frameborder=\"0\" allow=\"accelerometer; autoplay; clipboard-write; encrypted-media; gyroscope; picture-in-picture; web-share\" referrerpolicy=\"strict-origin-when-cross-origin\" allowfullscreen><\/iframe><\/p>\n<p><iframe loading=\"lazy\" title=\"TRELOCK Faltschl\u00f6sser \u2013\u00a0Flexibel. Kompakt. Sicher.\" width=\"500\" height=\"281\" src=\"https:\/\/www.youtube.com\/embed\/3BTZiYuse8A?feature=oembed\" frameborder=\"0\" allow=\"accelerometer; autoplay; clipboard-write; encrypted-media; gyroscope; picture-in-picture; web-share\" referrerpolicy=\"strict-origin-when-cross-origin\" allowfullscreen><\/iframe><\/p>\n<p><iframe loading=\"lazy\" title=\"TRELOCK Faltschloss FS 480 COPS mit X-PRESS-Halter\" width=\"500\" height=\"281\" src=\"https:\/\/www.youtube.com\/embed\/tcwv4PX2VNI?feature=oembed\" frameborder=\"0\" allow=\"accelerometer; autoplay; clipboard-write; encrypted-media; gyroscope; picture-in-picture; web-share\" referrerpolicy=\"strict-origin-when-cross-origin\" allowfullscreen><\/iframe><\/p>\n<p><iframe loading=\"lazy\" title=\"TRELOCK Faltschl\u00f6sser: Die perfekten Allrounder, um E-Bikes und Fahrr\u00e4der sicher abzuschlie\u00dfen.\" width=\"500\" height=\"281\" src=\"https:\/\/www.youtube.com\/embed\/fysJIjF3p10?feature=oembed\" frameborder=\"0\" allow=\"accelerometer; autoplay; clipboard-write; encrypted-media; gyroscope; picture-in-picture; web-share\" referrerpolicy=\"strict-origin-when-cross-origin\" allowfullscreen><\/iframe><\/p>\n<p><iframe loading=\"lazy\" title=\"TRELOCK FS 480 COPS \u2013 Verdreht ganz einfach den Kopf!\" width=\"500\" height=\"281\" src=\"https:\/\/www.youtube.com\/embed\/PbtegWB8wgw?feature=oembed\" frameborder=\"0\" allow=\"accelerometer; autoplay; clipboard-write; encrypted-media; gyroscope; picture-in-picture; web-share\" referrerpolicy=\"strict-origin-when-cross-origin\" allowfullscreen><\/iframe><\/p>\n<p><iframe loading=\"lazy\" title=\"TRELOCK U5 B\u00fcgelschloss-Serie\" width=\"500\" height=\"281\" src=\"https:\/\/www.youtube.com\/embed\/rfq9YHAUv1w?feature=oembed\" frameborder=\"0\" allow=\"accelerometer; autoplay; clipboard-write; encrypted-media; gyroscope; picture-in-picture; web-share\" referrerpolicy=\"strict-origin-when-cross-origin\" allowfullscreen><\/iframe><\/p>\n<p><iframe loading=\"lazy\" title=\"TRELOCK U4 B\u00fcgelschloss-Serie\" width=\"500\" height=\"281\" src=\"https:\/\/www.youtube.com\/embed\/jBq3yiuZTRk?feature=oembed\" frameborder=\"0\" allow=\"accelerometer; autoplay; clipboard-write; encrypted-media; gyroscope; picture-in-picture; web-share\" referrerpolicy=\"strict-origin-when-cross-origin\" allowfullscreen><\/iframe><\/p>\n<p><iframe loading=\"lazy\" title=\"TRELOCK Faltschloss FS 380 TRIGO (L)\" width=\"500\" height=\"281\" src=\"https:\/\/www.youtube.com\/embed\/NBCCN5QJlUw?feature=oembed\" frameborder=\"0\" allow=\"accelerometer; autoplay; clipboard-write; encrypted-media; gyroscope; picture-in-picture; web-share\" referrerpolicy=\"strict-origin-when-cross-origin\" allowfullscreen><\/iframe><\/p>\n<p><iframe loading=\"lazy\" title=\"TRELOCK Protect-O-Connect System\" width=\"500\" height=\"281\" src=\"https:\/\/www.youtube.com\/embed\/Bes1BJCagQs?feature=oembed\" frameborder=\"0\" allow=\"accelerometer; autoplay; clipboard-write; encrypted-media; gyroscope; picture-in-picture; web-share\" referrerpolicy=\"strict-origin-when-cross-origin\" allowfullscreen><\/iframe><\/p>\n<p><iframe loading=\"lazy\" title=\"Einstellen des pers\u00f6nlichen Codes \u2013TRELOCK FS 360 und FS 260 CODE\" width=\"500\" height=\"281\" src=\"https:\/\/www.youtube.com\/embed\/-QbRR1uMffs?feature=oembed\" frameborder=\"0\" allow=\"accelerometer; autoplay; clipboard-write; encrypted-media; gyroscope; picture-in-picture; web-share\" referrerpolicy=\"strict-origin-when-cross-origin\" allowfullscreen><\/iframe><\/p>\n<p><iframe loading=\"lazy\" title=\"Wie pflege ich mein Fahrradschloss richtig?\" width=\"500\" height=\"281\" src=\"https:\/\/www.youtube.com\/embed\/YwYNni8d0Dg?feature=oembed\" frameborder=\"0\" allow=\"accelerometer; autoplay; clipboard-write; encrypted-media; gyroscope; picture-in-picture; web-share\" referrerpolicy=\"strict-origin-when-cross-origin\" allowfullscreen><\/iframe><\/p>\n<p>&nbsp;<\/p>\n\n    <\/div>\n\t<\/div>\n\t<\/div>\n<\/section>\n\n\n<section id=\"\" class=\"\" style=\"padding-top:var(--wp--preset--spacing--80); padding-bottom:var(--wp--preset--spacing--80); color: var(--wp--preset--color--font); \">\n\t<div class=\"container\">\n\t\t<div class=\"content     \">\n\t\t\t\t\t\t\t    <h2 class=\"\">LIGHTS<\/h2>\n\t\t\t    <div class=\"\">\n        <p><iframe loading=\"lazy\" title=\"TRELOCK VECTOR LINE \u2013 USB Beleuchtung\" width=\"500\" height=\"281\" src=\"https:\/\/www.youtube.com\/embed\/3_6dnB000Zc?feature=oembed\" frameborder=\"0\" allow=\"accelerometer; autoplay; clipboard-write; encrypted-media; gyroscope; picture-in-picture; web-share\" referrerpolicy=\"strict-origin-when-cross-origin\" allowfullscreen><\/iframe><\/p>\n<p><iframe loading=\"lazy\" title=\"Akku-Frontscheinwerfer LS 760 I-GO VISION \u2013\u00a0das innovative Fahrradlicht!\" width=\"500\" height=\"281\" src=\"https:\/\/www.youtube.com\/embed\/Yivm6L_oXVI?feature=oembed\" frameborder=\"0\" allow=\"accelerometer; autoplay; clipboard-write; encrypted-media; gyroscope; picture-in-picture; web-share\" referrerpolicy=\"strict-origin-when-cross-origin\" allowfullscreen><\/iframe><\/p>\n<p><iframe loading=\"lazy\" title=\"Akkufrontscheinwerfer LS 760 I-GO VISION \u2013\u00a0Produktvideo\" width=\"500\" height=\"281\" src=\"https:\/\/www.youtube.com\/embed\/DBVPKMOCHw0?feature=oembed\" frameborder=\"0\" allow=\"accelerometer; autoplay; clipboard-write; encrypted-media; gyroscope; picture-in-picture; web-share\" referrerpolicy=\"strict-origin-when-cross-origin\" allowfullscreen><\/iframe><\/p>\n<p><iframe loading=\"lazy\" title=\"Montage ZL 760 \u2013 Universalhalter f\u00fcr TRELOCK Frontscheinwerfer\" width=\"500\" height=\"281\" src=\"https:\/\/www.youtube.com\/embed\/U6ojHxmqh1E?feature=oembed\" frameborder=\"0\" allow=\"accelerometer; autoplay; clipboard-write; encrypted-media; gyroscope; picture-in-picture; web-share\" referrerpolicy=\"strict-origin-when-cross-origin\" allowfullscreen><\/iframe><\/p>\n<p>&nbsp;<\/p>\n\n    <\/div>\n\t<\/div>\n\t<\/div>\n<\/section>\n","protected":false},"excerpt":{"rendered":"","protected":false},"author":23,"featured_media":0,"parent":0,"menu_order":0,"comment_status":"closed","ping_status":"closed","template":"","meta":{"_acf_changed":false,"_trash_the_other_posts":false,"footnotes":""},"class_list":["post-15105","page","type-page","status-publish","hentry"],"acf":[],"yoast_head":"<!-- This site is optimized with the Yoast SEO plugin v27.4 - https:\/\/yoast.com\/product\/yoast-seo-wordpress\/ -->\n<title>Service - Videos | Trelock \ud83c\uddec\ud83c\udde7<\/title>\n<meta name=\"description\" content=\"Wir haben informative Videos zu vielen Schl\u00f6ssern und Beleuchtungsprodukten erstellt. Sehen Sie sie sich alle hier an.\" \/>\n<meta name=\"robots\" content=\"index, follow, max-snippet:-1, max-image-preview:large, max-video-preview:-1\" \/>\n<link rel=\"canonical\" href=\"https:\/\/trelock.de\/en\/videos\/\" \/>\n<meta property=\"og:locale\" content=\"en_US\" \/>\n<meta property=\"og:type\" content=\"article\" \/>\n<meta property=\"og:title\" content=\"Service - Videos | Trelock \ud83c\uddec\ud83c\udde7\" \/>\n<meta property=\"og:description\" content=\"Wir haben informative Videos zu vielen Schl\u00f6ssern und Beleuchtungsprodukten erstellt. Sehen Sie sie sich alle hier an.\" \/>\n<meta property=\"og:url\" content=\"https:\/\/trelock.de\/en\/videos\/\" \/>\n<meta property=\"og:site_name\" content=\"Trelock \ud83c\uddec\ud83c\udde7\" \/>\n<meta property=\"article:modified_time\" content=\"2024-06-13T15:53:09+00:00\" \/>\n<meta name=\"twitter:card\" content=\"summary_large_image\" \/>\n<script type=\"application\/ld+json\" class=\"yoast-schema-graph\">{\"@context\":\"https:\\\/\\\/schema.org\",\"@graph\":[{\"@type\":\"WebPage\",\"@id\":\"https:\\\/\\\/trelock.de\\\/en\\\/videos\\\/\",\"url\":\"https:\\\/\\\/trelock.de\\\/en\\\/videos\\\/\",\"name\":\"Service - Videos | Trelock \ud83c\uddec\ud83c\udde7\",\"isPartOf\":{\"@id\":\"https:\\\/\\\/trelock.de\\\/en\\\/#website\"},\"datePublished\":\"2024-05-03T16:18:43+00:00\",\"dateModified\":\"2024-06-13T15:53:09+00:00\",\"description\":\"Wir haben informative Videos zu vielen Schl\u00f6ssern und Beleuchtungsprodukten erstellt. Sehen Sie sie sich alle hier an.\",\"breadcrumb\":{\"@id\":\"https:\\\/\\\/trelock.de\\\/en\\\/videos\\\/#breadcrumb\"},\"inLanguage\":\"en-US\",\"potentialAction\":[{\"@type\":\"ReadAction\",\"target\":[\"https:\\\/\\\/trelock.de\\\/en\\\/videos\\\/\"]}]},{\"@type\":\"BreadcrumbList\",\"@id\":\"https:\\\/\\\/trelock.de\\\/en\\\/videos\\\/#breadcrumb\",\"itemListElement\":[{\"@type\":\"ListItem\",\"position\":1,\"name\":\"house\",\"item\":\"https:\\\/\\\/trelock.de\\\/en\\\/\"},{\"@type\":\"ListItem\",\"position\":2,\"name\":\"Service &#8211; Videos\"}]},{\"@type\":\"WebSite\",\"@id\":\"https:\\\/\\\/trelock.de\\\/en\\\/#website\",\"url\":\"https:\\\/\\\/trelock.de\\\/en\\\/\",\"name\":\"Trelock \ud83c\uddec\ud83c\udde7\",\"description\":\"\",\"potentialAction\":[{\"@type\":\"SearchAction\",\"target\":{\"@type\":\"EntryPoint\",\"urlTemplate\":\"https:\\\/\\\/trelock.de\\\/en\\\/?s={search_term_string}\"},\"query-input\":{\"@type\":\"PropertyValueSpecification\",\"valueRequired\":true,\"valueName\":\"search_term_string\"}}],\"inLanguage\":\"en-US\"}]}<\/script>\n<!-- \/ Yoast SEO plugin. -->","yoast_head_json":{"title":"Service - Videos | Trelock \ud83c\uddec\ud83c\udde7","description":"Wir haben informative Videos zu vielen Schl\u00f6ssern und Beleuchtungsprodukten erstellt. Sehen Sie sie sich alle hier an.","robots":{"index":"index","follow":"follow","max-snippet":"max-snippet:-1","max-image-preview":"max-image-preview:large","max-video-preview":"max-video-preview:-1"},"canonical":"https:\/\/trelock.de\/en\/videos\/","og_locale":"en_US","og_type":"article","og_title":"Service - Videos | Trelock \ud83c\uddec\ud83c\udde7","og_description":"Wir haben informative Videos zu vielen Schl\u00f6ssern und Beleuchtungsprodukten erstellt. Sehen Sie sie sich alle hier an.","og_url":"https:\/\/trelock.de\/en\/videos\/","og_site_name":"Trelock \ud83c\uddec\ud83c\udde7","article_modified_time":"2024-06-13T15:53:09+00:00","twitter_card":"summary_large_image","schema":{"@context":"https:\/\/schema.org","@graph":[{"@type":"WebPage","@id":"https:\/\/trelock.de\/en\/videos\/","url":"https:\/\/trelock.de\/en\/videos\/","name":"Service - Videos | Trelock \ud83c\uddec\ud83c\udde7","isPartOf":{"@id":"https:\/\/trelock.de\/en\/#website"},"datePublished":"2024-05-03T16:18:43+00:00","dateModified":"2024-06-13T15:53:09+00:00","description":"Wir haben informative Videos zu vielen Schl\u00f6ssern und Beleuchtungsprodukten erstellt. Sehen Sie sie sich alle hier an.","breadcrumb":{"@id":"https:\/\/trelock.de\/en\/videos\/#breadcrumb"},"inLanguage":"en-US","potentialAction":[{"@type":"ReadAction","target":["https:\/\/trelock.de\/en\/videos\/"]}]},{"@type":"BreadcrumbList","@id":"https:\/\/trelock.de\/en\/videos\/#breadcrumb","itemListElement":[{"@type":"ListItem","position":1,"name":"house","item":"https:\/\/trelock.de\/en\/"},{"@type":"ListItem","position":2,"name":"Service &#8211; Videos"}]},{"@type":"WebSite","@id":"https:\/\/trelock.de\/en\/#website","url":"https:\/\/trelock.de\/en\/","name":"Trelock \ud83c\uddec\ud83c\udde7","description":"","potentialAction":[{"@type":"SearchAction","target":{"@type":"EntryPoint","urlTemplate":"https:\/\/trelock.de\/en\/?s={search_term_string}"},"query-input":{"@type":"PropertyValueSpecification","valueRequired":true,"valueName":"search_term_string"}}],"inLanguage":"en-US"}]}},"jetpack_sharing_enabled":true,"_links":{"self":[{"href":"https:\/\/trelock.de\/en\/wp-json\/wp\/v2\/pages\/15105","targetHints":{"allow":["GET"]}}],"collection":[{"href":"https:\/\/trelock.de\/en\/wp-json\/wp\/v2\/pages"}],"about":[{"href":"https:\/\/trelock.de\/en\/wp-json\/wp\/v2\/types\/page"}],"author":[{"embeddable":true,"href":"https:\/\/trelock.de\/en\/wp-json\/wp\/v2\/users\/23"}],"replies":[{"embeddable":true,"href":"https:\/\/trelock.de\/en\/wp-json\/wp\/v2\/comments?post=15105"}],"version-history":[{"count":12,"href":"https:\/\/trelock.de\/en\/wp-json\/wp\/v2\/pages\/15105\/revisions"}],"predecessor-version":[{"id":16375,"href":"https:\/\/trelock.de\/en\/wp-json\/wp\/v2\/pages\/15105\/revisions\/16375"}],"wp:attachment":[{"href":"https:\/\/trelock.de\/en\/wp-json\/wp\/v2\/media?parent=15105"}],"curies":[{"name":"wp","href":"https:\/\/api.w.org\/{rel}","templated":true}]}}